{"id":2304,"date":"2020-12-04T13:02:38","date_gmt":"2020-12-04T17:02:38","guid":{"rendered":"https:\/\/seafoodfromcanada.ca\/?page_id=2304"},"modified":"2023-03-08T11:36:12","modified_gmt":"2023-03-08T15:36:12","slug":"pourquoi-acheter-des-produits-de-la-mer-canadiens","status":"publish","type":"page","link":"https:\/\/seafoodfromcanada.ca\/fr\/pourquoi-acheter-des-produits-de-la-mer-canadiens\/","title":{"rendered":"Pourquoi acheter des produits de la mer canadiens"},"content":{"rendered":"\n<figure class=\"wp-block-image alignfull size-large is-style-gradient\"><img loading=\"lazy\" decoding=\"async\" width=\"1024\" height=\"269\" src=\"https:\/\/seafoodfromcanada.ca\/site\/uploads\/2023\/03\/Seafood-From-Canada-Why-Buy-Canadian-Header-Lobster-Fisherman-1024x269.jpg\" alt=\"\" class=\"wp-image-4593\" srcset=\"https:\/\/seafoodfromcanada.ca\/site\/uploads\/2023\/03\/Seafood-From-Canada-Why-Buy-Canadian-Header-Lobster-Fisherman-1024x269.jpg 1024w, https:\/\/seafoodfromcanada.ca\/site\/uploads\/2023\/03\/Seafood-From-Canada-Why-Buy-Canadian-Header-Lobster-Fisherman-300x79.jpg 300w, https:\/\/seafoodfromcanada.ca\/site\/uploads\/2023\/03\/Seafood-From-Canada-Why-Buy-Canadian-Header-Lobster-Fisherman-768x202.jpg 768w, https:\/\/seafoodfromcanada.ca\/site\/uploads\/2023\/03\/Seafood-From-Canada-Why-Buy-Canadian-Header-Lobster-Fisherman-1536x403.jpg 1536w, https:\/\/seafoodfromcanada.ca\/site\/uploads\/2023\/03\/Seafood-From-Canada-Why-Buy-Canadian-Header-Lobster-Fisherman.jpg 2000w, https:\/\/seafoodfromcanada.ca\/site\/uploads\/2023\/03\/Seafood-From-Canada-Why-Buy-Canadian-Header-Lobster-Fisherman-1200x315.jpg 1200w, https:\/\/seafoodfromcanada.ca\/site\/uploads\/2023\/03\/Seafood-From-Canada-Why-Buy-Canadian-Header-Lobster-Fisherman-700x184.jpg 700w\" sizes=\"auto, (max-width: 1024px) 100vw, 1024px\" \/><\/figure>\n\n\n\n<div class=\"wp-block-group alignfull is-style-background-gradient\"><div class=\"wp-block-group__inner-container is-layout-flow wp-block-group-is-layout-flow\">\n<h1 class=\"wp-block-heading\">Pourquoi acheter des produits de la mer canadiens<\/h1>\n\n\n\n<div style=\"height:25px\" aria-hidden=\"true\" class=\"wp-block-spacer\"><\/div>\n\n\n\n<p>\u00c0 l'extr\u00e9mit\u00e9 la plus \u00e0 l'est de l'Am\u00e9rique du Nord, les p\u00eacheurs, les pisciculteurs et les transformateurs de produits de la mer du Canada atlantique travaillent sans rel\u00e2che pour fournir des produits de la mer durables et de hautes qualit\u00e9s en provenance des eaux froides de l'oc\u00e9an Atlantique Nord. Une quantit\u00e9 impressionnante de produits tels que le homard, le crabe des neiges, la crevette nordique, le saumon d'\u00e9levage de l'Atlantique, les p\u00e9toncles, le fl\u00e9tan, le hareng, la morue de l'Atlantique, les moules bleues, les hu\u00eetres et le s\u00e9baste sont tous consomm\u00e9s dans plus de 130&nbsp;pays. <\/p>\n\n\n\n<figure class=\"wp-block-embed is-type-video is-provider-youtube wp-block-embed-youtube wp-embed-aspect-16-9 wp-has-aspect-ratio\"><div class=\"wp-block-embed__wrapper\">\n<iframe loading=\"lazy\" title=\"Produits de la mer du Canada\" width=\"500\" height=\"281\" src=\"https:\/\/www.youtube.com\/embed\/59lHXtrgT38?feature=oembed\" frameborder=\"0\" allow=\"accelerometer; autoplay; clipboard-write; encrypted-media; gyroscope; picture-in-picture; web-share\" referrerpolicy=\"strict-origin-when-cross-origin\" allowfullscreen><\/iframe>\n<\/div><\/figure>\n\n\n\n<p>La saveur et la qualit\u00e9 de ces produits de la mer n'ont pas leur pareil ailleurs dans le monde. Pourquoi\u2009? C'est en raison de la splendeur de ces lieux. C'est notre engagement \u00e0 prot\u00e9ger nos ressources. C'est le soin avec lequel nos produits de la mer sont p\u00each\u00e9s, \u00e9lev\u00e9s, transform\u00e9s et exp\u00e9di\u00e9s. C'est la fiert\u00e9 qui d\u00e9coule d'une tradition d'un peuple de p\u00eacheurs et des travailleurs passionn\u00e9s qui sont \u00e0 l'origine de cette industrie.<\/p>\n\n\n\n<div style=\"height:80px\" aria-hidden=\"true\" class=\"wp-block-spacer\"><\/div>\n\n\n\n<figure class=\"wp-block-image size-full\"><img loading=\"lazy\" decoding=\"async\" width=\"998\" height=\"579\" src=\"https:\/\/seafoodfromcanada.ca\/site\/uploads\/2020\/09\/world-map-highlighting-canada.png\" alt=\"\" class=\"wp-image-812\" srcset=\"https:\/\/seafoodfromcanada.ca\/site\/uploads\/2020\/09\/world-map-highlighting-canada.png 998w, https:\/\/seafoodfromcanada.ca\/site\/uploads\/2020\/09\/world-map-highlighting-canada-300x174.png 300w, https:\/\/seafoodfromcanada.ca\/site\/uploads\/2020\/09\/world-map-highlighting-canada-768x446.png 768w\" sizes=\"auto, (max-width: 998px) 100vw, 998px\" \/><\/figure>\n\n\n\n<div style=\"height:25px\" aria-hidden=\"true\" class=\"wp-block-spacer\"><\/div>\n<\/div><\/div>\n","protected":false},"excerpt":{"rendered":"<p>Pourquoi acheter des produits de la mer canadiens \u00c0 l\u2019extr\u00e9mit\u00e9 la plus \u00e0 l\u2019est de l\u2019Am\u00e9rique du Nord, les p\u00eacheurs,&#8230;<\/p>\n","protected":false},"author":4,"featured_media":0,"parent":0,"menu_order":10,"comment_status":"closed","ping_status":"closed","template":"","meta":{"footnotes":""},"search_terms":[],"class_list":["post-2304","page","type-page","status-publish","hentry"],"_links":{"self":[{"href":"https:\/\/seafoodfromcanada.ca\/fr\/wp-json\/wp\/v2\/pages\/2304","targetHints":{"allow":["GET"]}}],"collection":[{"href":"https:\/\/seafoodfromcanada.ca\/fr\/wp-json\/wp\/v2\/pages"}],"about":[{"href":"https:\/\/seafoodfromcanada.ca\/fr\/wp-json\/wp\/v2\/types\/page"}],"author":[{"embeddable":true,"href":"https:\/\/seafoodfromcanada.ca\/fr\/wp-json\/wp\/v2\/users\/4"}],"replies":[{"embeddable":true,"href":"https:\/\/seafoodfromcanada.ca\/fr\/wp-json\/wp\/v2\/comments?post=2304"}],"version-history":[{"count":5,"href":"https:\/\/seafoodfromcanada.ca\/fr\/wp-json\/wp\/v2\/pages\/2304\/revisions"}],"predecessor-version":[{"id":4595,"href":"https:\/\/seafoodfromcanada.ca\/fr\/wp-json\/wp\/v2\/pages\/2304\/revisions\/4595"}],"wp:attachment":[{"href":"https:\/\/seafoodfromcanada.ca\/fr\/wp-json\/wp\/v2\/media?parent=2304"}],"wp:term":[{"taxonomy":"search_terms","embeddable":true,"href":"https:\/\/seafoodfromcanada.ca\/fr\/wp-json\/wp\/v2\/search_terms?post=2304"}],"curies":[{"name":"wp","href":"https:\/\/api.w.org\/{rel}","templated":true}]}}