{"id":2306,"date":"2020-12-04T13:07:58","date_gmt":"2020-12-04T17:07:58","guid":{"rendered":"https:\/\/seafoodfromcanada.ca\/?page_id=2306"},"modified":"2021-02-18T13:44:00","modified_gmt":"2021-02-18T17:44:00","slug":"produit","status":"publish","type":"page","link":"https:\/\/seafoodfromcanada.ca\/fr\/pourquoi-acheter-des-produits-de-la-mer-canadiens\/produit\/","title":{"rendered":"Produits"},"content":{"rendered":"\n<figure class=\"wp-block-video alignfull is-style-gradient\"><video autoplay loop muted src=\"https:\/\/seafoodfromcanada.ca\/site\/uploads\/2020\/11\/seafood-from-canada-product.mp4\" playsinline><\/video><\/figure>\n\n\n\n<div class=\"wp-block-group alignfull is-style-background-gradient\"><div class=\"wp-block-group__inner-container is-layout-flow wp-block-group-is-layout-flow\">\n<h1 class=\"wp-block-heading\">Produits<\/h1>\n\n\n\n<h3 class=\"is-style-no-margin has-burnt-orange-color has-text-color wp-block-heading\">Un oc\u00e9an exigeant, des saveurs d\u00e9licates&nbsp;&nbsp;<\/h3>\n\n\n\n<div style=\"height:25px\" aria-hidden=\"true\" class=\"wp-block-spacer\"><\/div>\n\n\n\n<p>Des meilleurs restaurants \u00e0 votre table de cuisine, les produits de la mer canadiens sont pr\u00e9par\u00e9s et servis en toute confiance dans plus de 130&nbsp;pays. Nos produits de la mer sont reconnus dans le monde entier pour leur vari\u00e9t\u00e9, leur saveur particuli\u00e8re et leur qualit\u00e9. Pourquoi\u2009?<\/p>\n\n\n\n<p>C'est une question de go\u00fbt.<\/p>\n\n\n\n<p>Nos produits de la mer proviennent des eaux les plus propres et les plus froides du monde. Et nous savons que les produits de la mer provenant d'eaux froides grandissent plus lentement et ont bien meilleur go\u00fbt.&nbsp;<\/p>\n\n\n\n<p>Nous avons des hu\u00eetres et des crevettes au go\u00fbt plus sucr\u00e9es et notre homard \u00e0 carapace dure mondialement connu poss\u00e8de une chair plus ferme. Notre fl\u00e9tan de l'Atlantique a le temps de d\u00e9velopper une d\u00e9licieuse chair dense, une saveur d\u00e9licate et une texture ferme. La p\u00e9riode de croissance plus longue, associ\u00e9e \u00e0 des eaux riches en substances nutritives cr\u00e9e les conditions parfaites pour tous nos produits de la mer &mdash; plus de 160&nbsp;esp\u00e8ces.&nbsp;<\/p>\n\n\n\n<p>Soyez certain que les produits de la mer sauvage et d'\u00e9levage canadiens sont de la plus haute qualit\u00e9, car nos pratiques de p\u00eache durables et nos strat\u00e9gies de r\u00e9coltes salubres respectent les r\u00e9glementations les plus rigoureuses. La plupart de nos produits de la mer sont certifi\u00e9s durables par des programmes reconnus au niveau mondial tels que le Marine Stewardship Council, les meilleures pratiques en mati\u00e8re d'aquaculture (Best Aquaculture Practices&mdash;BAP) et Ocean Wise. Ils sont transform\u00e9s dans des installations modernes enregistr\u00e9es pour r\u00e9pondre aux normes f\u00e9d\u00e9rales et internationales de s\u00e9curit\u00e9 alimentaire et d'assurance de la qualit\u00e9.<\/p>\n\n\n\n<p>Les entreprises canadiennes de produits de la mer sont extr\u00eamement adaptables et peuvent transformer et emballer des produits selon vos sp\u00e9cifications, afin de s'assurer que vous \u00eates en mesure de r\u00e9pondre aux exigences de votre march\u00e9.<\/p>\n\n\n\n<p>Le Canada atlantique est strat\u00e9giquement situ\u00e9 \u00e0 la porte du march\u00e9 nord-am\u00e9ricain et a un acc\u00e8s facile \u00e0 l'Europe et \u00e0 l'Asie gr\u00e2ce \u00e0 ses ports en eau profonde et \u00e0 ses a\u00e9roports internationaux ouverts \u00e0 l'ann\u00e9e. Nos entreprises ont des ann\u00e9es d'exp\u00e9rience dans la gestion de la logistique d'exportation afin d'offrir un service exemplaire et un acc\u00e8s facile \u00e0 nos produits de qualit\u00e9 sup\u00e9rieure. Nous avons vu l'avenir, et c'est d\u00e9licieux.<\/p>\n\n\n\n<div style=\"height:25px\" aria-hidden=\"true\" class=\"wp-block-spacer\"><\/div>\n<\/div><\/div>\n","protected":false},"excerpt":{"rendered":"<p>Produits Un oc\u00e9an exigeant, des saveurs d\u00e9licates&nbsp;&nbsp; Des meilleurs restaurants \u00e0 votre table de cuisine, les produits de la mer&#8230;<\/p>\n","protected":false},"author":4,"featured_media":0,"parent":2304,"menu_order":10,"comment_status":"closed","ping_status":"closed","template":"","meta":{"footnotes":""},"search_terms":[],"class_list":["post-2306","page","type-page","status-publish","hentry"],"_links":{"self":[{"href":"https:\/\/seafoodfromcanada.ca\/fr\/wp-json\/wp\/v2\/pages\/2306","targetHints":{"allow":["GET"]}}],"collection":[{"href":"https:\/\/seafoodfromcanada.ca\/fr\/wp-json\/wp\/v2\/pages"}],"about":[{"href":"https:\/\/seafoodfromcanada.ca\/fr\/wp-json\/wp\/v2\/types\/page"}],"author":[{"embeddable":true,"href":"https:\/\/seafoodfromcanada.ca\/fr\/wp-json\/wp\/v2\/users\/4"}],"replies":[{"embeddable":true,"href":"https:\/\/seafoodfromcanada.ca\/fr\/wp-json\/wp\/v2\/comments?post=2306"}],"version-history":[{"count":4,"href":"https:\/\/seafoodfromcanada.ca\/fr\/wp-json\/wp\/v2\/pages\/2306\/revisions"}],"predecessor-version":[{"id":3035,"href":"https:\/\/seafoodfromcanada.ca\/fr\/wp-json\/wp\/v2\/pages\/2306\/revisions\/3035"}],"up":[{"embeddable":true,"href":"https:\/\/seafoodfromcanada.ca\/fr\/wp-json\/wp\/v2\/pages\/2304"}],"wp:attachment":[{"href":"https:\/\/seafoodfromcanada.ca\/fr\/wp-json\/wp\/v2\/media?parent=2306"}],"wp:term":[{"taxonomy":"search_terms","embeddable":true,"href":"https:\/\/seafoodfromcanada.ca\/fr\/wp-json\/wp\/v2\/search_terms?post=2306"}],"curies":[{"name":"wp","href":"https:\/\/api.w.org\/{rel}","templated":true}]}}