{"id":2309,"date":"2020-12-04T13:10:37","date_gmt":"2020-12-04T17:10:37","guid":{"rendered":"https:\/\/seafoodfromcanada.ca\/?page_id=2309"},"modified":"2021-02-18T10:23:59","modified_gmt":"2021-02-18T14:23:59","slug":"personnes","status":"publish","type":"page","link":"https:\/\/seafoodfromcanada.ca\/fr\/pourquoi-acheter-des-produits-de-la-mer-canadiens\/personnes\/","title":{"rendered":"Personnes"},"content":{"rendered":"\n<figure class=\"wp-block-video alignfull is-style-gradient\"><video autoplay loop muted src=\"https:\/\/seafoodfromcanada.ca\/site\/uploads\/2020\/11\/seafood-from-canada-people.mp4\" playsinline><\/video><\/figure>\n\n\n\n<div class=\"wp-block-group alignfull is-style-background-gradient\"><div class=\"wp-block-group__inner-container is-layout-flow wp-block-group-is-layout-flow\">\n<h1 class=\"wp-block-heading\">Personnes<\/h1>\n\n\n\n<h3 class=\"is-style-no-margin has-burnt-orange-color has-text-color wp-block-heading\">Mains froides, c&oelig;urs chauds\u2009!<\/h3>\n\n\n\n<div style=\"height:25px\" aria-hidden=\"true\" class=\"wp-block-spacer\"><\/div>\n\n\n\n<p>De nos communaut\u00e9s rurales \u00e0 nos villes dynamiques, la subsistance de milliers de personnes d\u00e9pend de la r\u00e9colte de produits de la mer sauvages et d'\u00e9levage dans l'Atlantique nord-ouest\u2026 \u00e0 l'ann\u00e9e.&nbsp;&nbsp;&nbsp;<\/p>\n\n\n\n<p>Dans les communaut\u00e9s dispers\u00e9es le long de notre vaste et rude littoral, la tradition de la p\u00eache est tiss\u00e9e dans le tissu de notre vie quotidienne.<\/p>\n\n\n\n<p>Nous innovons sans cesse afin de r\u00e9pondre aux attentes du monde entier pour la production de produits de la mer d\u00e9licieux et de haute qualit\u00e9. Gr\u00e2ce \u00e0 cette innovation continue dans le domaine de la p\u00eache, l'\u00e9levage et la transformation, nous avons jet\u00e9 de solides assises pour permettre une industrie de produits de mer r\u00e9sistante et durable.&nbsp;<\/p>\n\n\n\n<p>Les personnes qui travaillent dans cette industrie savent qu'il faut du cran et de la d\u00e9termination. Il faut faire face et accepter un travail difficile qui ne peux pas attendre demain, m\u00eame si vos mains sont gel\u00e9es. Et il arrive souvent qu'elles soient gel\u00e9es. Mais cela ne nous d\u00e9range pas.<\/p>\n\n\n\n<p>Parce que nous sommes rassur\u00e9s par le fait que tout cela en vaut la peine. C'est un mode de vie pour d'innombrables personnes et leurs familles. L'industrie de la p\u00eache am\u00e8ne \u00e0 notre \u00e9conomie des milliards de dollars. C'est une raison d'\u00eatre fier. C'est la raison pour laquelle nous aimons ce que nous faisons.&nbsp;<\/p>\n\n\n\n<p>Et il y a toujours du travail pour ceux qui aiment \u00e7a.<\/p>\n\n\n\n<div style=\"height:25px\" aria-hidden=\"true\" class=\"wp-block-spacer\"><\/div>\n<\/div><\/div>\n","protected":false},"excerpt":{"rendered":"<p>Personnes Mains froides, c\u0153urs chauds\u2009! De nos communaut\u00e9s rurales \u00e0 nos villes dynamiques, la subsistance de milliers de personnes d\u00e9pend&#8230;<\/p>\n","protected":false},"author":4,"featured_media":0,"parent":2304,"menu_order":20,"comment_status":"closed","ping_status":"closed","template":"","meta":{"footnotes":""},"search_terms":[],"class_list":["post-2309","page","type-page","status-publish","hentry"],"_links":{"self":[{"href":"https:\/\/seafoodfromcanada.ca\/fr\/wp-json\/wp\/v2\/pages\/2309","targetHints":{"allow":["GET"]}}],"collection":[{"href":"https:\/\/seafoodfromcanada.ca\/fr\/wp-json\/wp\/v2\/pages"}],"about":[{"href":"https:\/\/seafoodfromcanada.ca\/fr\/wp-json\/wp\/v2\/types\/page"}],"author":[{"embeddable":true,"href":"https:\/\/seafoodfromcanada.ca\/fr\/wp-json\/wp\/v2\/users\/4"}],"replies":[{"embeddable":true,"href":"https:\/\/seafoodfromcanada.ca\/fr\/wp-json\/wp\/v2\/comments?post=2309"}],"version-history":[{"count":4,"href":"https:\/\/seafoodfromcanada.ca\/fr\/wp-json\/wp\/v2\/pages\/2309\/revisions"}],"predecessor-version":[{"id":2973,"href":"https:\/\/seafoodfromcanada.ca\/fr\/wp-json\/wp\/v2\/pages\/2309\/revisions\/2973"}],"up":[{"embeddable":true,"href":"https:\/\/seafoodfromcanada.ca\/fr\/wp-json\/wp\/v2\/pages\/2304"}],"wp:attachment":[{"href":"https:\/\/seafoodfromcanada.ca\/fr\/wp-json\/wp\/v2\/media?parent=2309"}],"wp:term":[{"taxonomy":"search_terms","embeddable":true,"href":"https:\/\/seafoodfromcanada.ca\/fr\/wp-json\/wp\/v2\/search_terms?post=2309"}],"curies":[{"name":"wp","href":"https:\/\/api.w.org\/{rel}","templated":true}]}}