{"id":2311,"date":"2020-12-04T13:12:27","date_gmt":"2020-12-04T17:12:27","guid":{"rendered":"https:\/\/seafoodfromcanada.ca\/?page_id=2311"},"modified":"2021-01-19T19:24:59","modified_gmt":"2021-01-19T23:24:59","slug":"protecteurs","status":"publish","type":"page","link":"https:\/\/seafoodfromcanada.ca\/fr\/pourquoi-acheter-des-produits-de-la-mer-canadiens\/protecteurs\/","title":{"rendered":"Protecteurs"},"content":{"rendered":"\n<figure class=\"wp-block-video alignfull is-style-gradient\"><video autoplay loop muted src=\"https:\/\/seafoodfromcanada.ca\/site\/uploads\/2020\/11\/seafood-from-canada-protectors.mp4\" playsinline><\/video><\/figure>\n\n\n\n<div class=\"wp-block-group alignfull is-style-background-gradient\"><div class=\"wp-block-group__inner-container is-layout-flow wp-block-group-is-layout-flow\">\n<h1 class=\"wp-block-heading\">Protecteurs<\/h1>\n\n\n\n<h3 class=\"is-style-no-margin has-burnt-orange-color has-text-color wp-block-heading\">Vaste ressource, approche durable<\/h3>\n\n\n\n<div style=\"height:25px\" aria-hidden=\"true\" class=\"wp-block-spacer\"><\/div>\n\n\n\n<p>Bord\u00e9 sur trois c\u00f4t\u00e9s par des oc\u00e9ans, le Canada abrite un gigantesque \u00e9cosyst\u00e8me, riche en vie marine. Mais ces richesses s'accompagnent de responsabilit\u00e9s.&nbsp;<\/p>\n\n\n\n<p>Qu'il s'agisse d'un jeune enfant qui apprend \u00e0 r\u00e9parer un filet, d'un p\u00eacheur qui remonte ses casiers pleins de crabes des neiges ou un pisciculteur qui surveille les niveaux d'oxyg\u00e8ne du saumon, chacun comprend que ses gestes ont une incidence sur l'\u00e9cosyst\u00e8me et l'avenir de l'industrie de produits de la mer.&nbsp;<\/p>\n\n\n\n<p>C'est pourquoi nous nous sommes engag\u00e9s \u00e0 g\u00e9rer l'oc\u00e9an avec soin et nous sommes devenus des leaders mondiaux dans la gestion durable de la p\u00eache et de l'aquaculture. Un \u00e9l\u00e9ment essentiel de ce leadership est la reconnaissance du fait que notre industrie de produits de la mer continue d'\u00e9voluer pour r\u00e9pondre aux exigences de transparence du march\u00e9.<\/p>\n\n\n\n<p>Nos strat\u00e9gies de p\u00eache s'appuient sur les travaux des chercheurs et des scientifiques. Les d\u00e9cisions cruciales en mati\u00e8re de gestion du poisson sont bas\u00e9es sur leurs travaux, tels que ceux li\u00e9s \u00e0 la biomasse disponible pour chaque esp\u00e8ce, la p\u00e9riode de p\u00eache et le nombre de permis \u00e9mis aux p\u00eacheurs dans chaque zone.&nbsp;<\/p>\n\n\n\n<p>Les gouvernements provinciaux et l'industrie de l'aquaculture ont mis en &oelig;uvre des strat\u00e9gies d\u00e9taill\u00e9es qui assurent la durabilit\u00e9 environnementale, financi\u00e8re et sociale de notre secteur de l'aquaculture, qui comprennent des plans de gestion r\u00e9gionale et de gestion de la sant\u00e9 des animaux aquatiques. Toutes les installations de transformation des produits de la mer au Canada sont enregistr\u00e9es pour r\u00e9pondre aux normes f\u00e9d\u00e9rales et internationales d'assurance de la qualit\u00e9.&nbsp;<\/p>\n\n\n\n<p>Chaque jour, nous identifions de nouvelles fa\u00e7ons de prot\u00e9ger notre \u00e9cosyst\u00e8me unique et interd\u00e9pendant, nous d\u00e9veloppons des technologies pour am\u00e9liorer la durabilit\u00e9 et nous adoptons des protocoles qui renforcent la tra\u00e7abilit\u00e9.<\/p>\n\n\n\n<p>Notre environnement est une ressource inestimable et nous le prot\u00e9geons pour l'avenir.<\/p>\n\n\n\n<div style=\"height:25px\" aria-hidden=\"true\" class=\"wp-block-spacer\"><\/div>\n<\/div><\/div>\n","protected":false},"excerpt":{"rendered":"<p>Protecteurs Vaste ressource, approche durable Bord\u00e9 sur trois c\u00f4t\u00e9s par des oc\u00e9ans, le Canada abrite un gigantesque \u00e9cosyst\u00e8me, riche en&#8230;<\/p>\n","protected":false},"author":4,"featured_media":0,"parent":2304,"menu_order":30,"comment_status":"closed","ping_status":"closed","template":"","meta":{"footnotes":""},"search_terms":[],"class_list":["post-2311","page","type-page","status-publish","hentry"],"_links":{"self":[{"href":"https:\/\/seafoodfromcanada.ca\/fr\/wp-json\/wp\/v2\/pages\/2311","targetHints":{"allow":["GET"]}}],"collection":[{"href":"https:\/\/seafoodfromcanada.ca\/fr\/wp-json\/wp\/v2\/pages"}],"about":[{"href":"https:\/\/seafoodfromcanada.ca\/fr\/wp-json\/wp\/v2\/types\/page"}],"author":[{"embeddable":true,"href":"https:\/\/seafoodfromcanada.ca\/fr\/wp-json\/wp\/v2\/users\/4"}],"replies":[{"embeddable":true,"href":"https:\/\/seafoodfromcanada.ca\/fr\/wp-json\/wp\/v2\/comments?post=2311"}],"version-history":[{"count":2,"href":"https:\/\/seafoodfromcanada.ca\/fr\/wp-json\/wp\/v2\/pages\/2311\/revisions"}],"predecessor-version":[{"id":2844,"href":"https:\/\/seafoodfromcanada.ca\/fr\/wp-json\/wp\/v2\/pages\/2311\/revisions\/2844"}],"up":[{"embeddable":true,"href":"https:\/\/seafoodfromcanada.ca\/fr\/wp-json\/wp\/v2\/pages\/2304"}],"wp:attachment":[{"href":"https:\/\/seafoodfromcanada.ca\/fr\/wp-json\/wp\/v2\/media?parent=2311"}],"wp:term":[{"taxonomy":"search_terms","embeddable":true,"href":"https:\/\/seafoodfromcanada.ca\/fr\/wp-json\/wp\/v2\/search_terms?post=2311"}],"curies":[{"name":"wp","href":"https:\/\/api.w.org\/{rel}","templated":true}]}}