{"id":2314,"date":"2020-12-04T13:14:28","date_gmt":"2020-12-04T17:14:28","guid":{"rendered":"https:\/\/seafoodfromcanada.ca\/?page_id=2314"},"modified":"2021-01-19T19:25:04","modified_gmt":"2021-01-19T23:25:04","slug":"lieu","status":"publish","type":"page","link":"https:\/\/seafoodfromcanada.ca\/fr\/pourquoi-acheter-des-produits-de-la-mer-canadiens\/lieu\/","title":{"rendered":"Lieu"},"content":{"rendered":"\n<figure class=\"wp-block-video alignfull is-style-gradient\"><video autoplay loop muted src=\"https:\/\/seafoodfromcanada.ca\/site\/uploads\/2020\/11\/seafood-from-canada-place.mp4\" playsinline><\/video><\/figure>\n\n\n\n<div class=\"wp-block-group alignfull is-style-background-gradient\"><div class=\"wp-block-group__inner-container is-layout-flow wp-block-group-is-layout-flow\">\n<h1 class=\"wp-block-heading\">Lieu<\/h1>\n\n\n\n<h3 class=\"is-style-no-margin has-burnt-orange-color has-text-color wp-block-heading\">Un \u00e9cosyst\u00e8me complexe, une mer abondante<\/h3>\n\n\n\n<div style=\"height:25px\" aria-hidden=\"true\" class=\"wp-block-spacer\"><\/div>\n\n\n\n<p>Dans les eaux profondes, au-del\u00e0 de notre plateau continental, de puissants courants arctiques entrent en collision avec le Gulf Stream, ce qui remue les substances nutritives dans nos eaux froides et cristallines, cr\u00e9ant des conditions id\u00e9ales pour la prolif\u00e9ration de v\u00e9g\u00e9taux planctoniques et du krill (crustac\u00e9s ressemblant \u00e0 des crevettes) se multipliant en nombre d\u00e9fiant l'imagination. Ceux-ci, \u00e0 leur tour, d\u00e9rivent comme nourriture fourrag\u00e8re dans l'un des \u00e9cosyst\u00e8mes marins les plus prolifiques de la plan\u00e8te.&nbsp;<\/p>\n\n\n\n<p>Nos \u00e9cosyst\u00e8mes marins sont complexes et vari\u00e9s. Des Grands Bancs, au plateau n\u00e9o-\u00e9cossais et aux mar\u00e9es de la baie de Fundy, au golfe du Saint-Laurent et aux c\u00f4tes rouges de l'\u00cele-du-Prince-\u00c9douard. Les temp\u00e9ratures glaciales, la puret\u00e9 de nos eaux c\u00f4ti\u00e8res et l'\u00e9tendue de nos c\u00f4tes cr\u00e9ent \u00e9galement les conditions id\u00e9ales pour l'aquaculture.<\/p>\n\n\n\n<p>La saveur et la texture des produits de la mer r\u00e9colt\u00e9s dans nos eaux cristallines sont l\u00e9gendaires. Et nous devons faire en sorte qu'il en reste ainsi. C'est pourquoi nous r\u00e9servons plus de 13&nbsp;% en aires marines prot\u00e9g\u00e9es et en refuges marins. Notre mode de vie perdure gr\u00e2ce \u00e0 l'oc\u00e9an et \u00e0 l'abondance de la vie marine qu'il abrite. Nous respectons la mer et tout ce qui vient de celle-ci.&nbsp;<\/p>\n\n\n\n<p>Notre lien avec cet endroit est profond.<\/p>\n\n\n\n<div style=\"height:25px\" aria-hidden=\"true\" class=\"wp-block-spacer\"><\/div>\n<\/div><\/div>\n","protected":false},"excerpt":{"rendered":"<p>Lieu Un \u00e9cosyst\u00e8me complexe, une mer abondante Dans les eaux profondes, au-del\u00e0 de notre plateau continental, de puissants courants arctiques&#8230;<\/p>\n","protected":false},"author":4,"featured_media":0,"parent":2304,"menu_order":40,"comment_status":"closed","ping_status":"closed","template":"","meta":{"footnotes":""},"search_terms":[],"class_list":["post-2314","page","type-page","status-publish","hentry"],"_links":{"self":[{"href":"https:\/\/seafoodfromcanada.ca\/fr\/wp-json\/wp\/v2\/pages\/2314","targetHints":{"allow":["GET"]}}],"collection":[{"href":"https:\/\/seafoodfromcanada.ca\/fr\/wp-json\/wp\/v2\/pages"}],"about":[{"href":"https:\/\/seafoodfromcanada.ca\/fr\/wp-json\/wp\/v2\/types\/page"}],"author":[{"embeddable":true,"href":"https:\/\/seafoodfromcanada.ca\/fr\/wp-json\/wp\/v2\/users\/4"}],"replies":[{"embeddable":true,"href":"https:\/\/seafoodfromcanada.ca\/fr\/wp-json\/wp\/v2\/comments?post=2314"}],"version-history":[{"count":3,"href":"https:\/\/seafoodfromcanada.ca\/fr\/wp-json\/wp\/v2\/pages\/2314\/revisions"}],"predecessor-version":[{"id":2845,"href":"https:\/\/seafoodfromcanada.ca\/fr\/wp-json\/wp\/v2\/pages\/2314\/revisions\/2845"}],"up":[{"embeddable":true,"href":"https:\/\/seafoodfromcanada.ca\/fr\/wp-json\/wp\/v2\/pages\/2304"}],"wp:attachment":[{"href":"https:\/\/seafoodfromcanada.ca\/fr\/wp-json\/wp\/v2\/media?parent=2314"}],"wp:term":[{"taxonomy":"search_terms","embeddable":true,"href":"https:\/\/seafoodfromcanada.ca\/fr\/wp-json\/wp\/v2\/search_terms?post=2314"}],"curies":[{"name":"wp","href":"https:\/\/api.w.org\/{rel}","templated":true}]}}