{"id":2317,"date":"2020-12-04T13:16:42","date_gmt":"2020-12-04T17:16:42","guid":{"rendered":"https:\/\/seafoodfromcanada.ca\/?page_id=2317"},"modified":"2021-01-19T19:25:09","modified_gmt":"2021-01-19T23:25:09","slug":"fierte","status":"publish","type":"page","link":"https:\/\/seafoodfromcanada.ca\/fr\/pourquoi-acheter-des-produits-de-la-mer-canadiens\/fierte\/","title":{"rendered":"Fiert\u00e9"},"content":{"rendered":"\n<figure class=\"wp-block-video alignfull is-style-gradient\"><video autoplay loop muted src=\"https:\/\/seafoodfromcanada.ca\/site\/uploads\/2020\/11\/seafood-from-canada-pride.mp4\" playsinline><\/video><\/figure>\n\n\n\n<div class=\"wp-block-group alignfull is-style-background-gradient\"><div class=\"wp-block-group__inner-container is-layout-flow wp-block-group-is-layout-flow\">\n<h1 class=\"wp-block-heading\">Fiert\u00e9<\/h1>\n\n\n\n<h3 class=\"is-style-no-margin has-burnt-orange-color has-text-color wp-block-heading\">Des eaux cristallines, un produit de classe mondiale<\/h3>\n\n\n\n<div style=\"height:25px\" aria-hidden=\"true\" class=\"wp-block-spacer\"><\/div>\n\n\n\n<p>Nous sommes tr\u00e8s fiers de nos industries de la p\u00eache et de l'aquaculture. Elles constituent une partie importante du tissu des collectivit\u00e9s rurales dynamiques dispers\u00e9es le long de notre littoral sans fin.&nbsp;&nbsp;&nbsp;<\/p>\n\n\n\n<p>Nos industries ne cessent d'innover et d'\u00e9voluer dans leurs m\u00e9thodes de p\u00eache, d'\u00e9levage et de transformation des produits de la mer dans le but de proposer nos produits exceptionnels dans les foyers du monde entier. Nous adoptons les nouvelles technologies et nous nous adaptons rapidement et efficacement aux exigences changeantes d'un march\u00e9 international de plus en plus sophistiqu\u00e9.&nbsp;<\/p>\n\n\n\n<p>Nous sommes fiers de nos produits de la mer.&nbsp;<\/p>\n\n\n\n<p>Nous sommes fiers de leur provenance.<\/p>\n\n\n\n<p>Nous sommes fiers d'avoir gagn\u00e9 votre confiance.<\/p>\n\n\n\n<div style=\"height:25px\" aria-hidden=\"true\" class=\"wp-block-spacer\"><\/div>\n<\/div><\/div>\n","protected":false},"excerpt":{"rendered":"<p>Fiert\u00e9 Des eaux cristallines, un produit de classe mondiale Nous sommes tr\u00e8s fiers de nos industries de la p\u00eache et&#8230;<\/p>\n","protected":false},"author":4,"featured_media":0,"parent":2304,"menu_order":50,"comment_status":"closed","ping_status":"closed","template":"","meta":{"footnotes":""},"search_terms":[],"class_list":["post-2317","page","type-page","status-publish","hentry"],"_links":{"self":[{"href":"https:\/\/seafoodfromcanada.ca\/fr\/wp-json\/wp\/v2\/pages\/2317","targetHints":{"allow":["GET"]}}],"collection":[{"href":"https:\/\/seafoodfromcanada.ca\/fr\/wp-json\/wp\/v2\/pages"}],"about":[{"href":"https:\/\/seafoodfromcanada.ca\/fr\/wp-json\/wp\/v2\/types\/page"}],"author":[{"embeddable":true,"href":"https:\/\/seafoodfromcanada.ca\/fr\/wp-json\/wp\/v2\/users\/4"}],"replies":[{"embeddable":true,"href":"https:\/\/seafoodfromcanada.ca\/fr\/wp-json\/wp\/v2\/comments?post=2317"}],"version-history":[{"count":2,"href":"https:\/\/seafoodfromcanada.ca\/fr\/wp-json\/wp\/v2\/pages\/2317\/revisions"}],"predecessor-version":[{"id":2846,"href":"https:\/\/seafoodfromcanada.ca\/fr\/wp-json\/wp\/v2\/pages\/2317\/revisions\/2846"}],"up":[{"embeddable":true,"href":"https:\/\/seafoodfromcanada.ca\/fr\/wp-json\/wp\/v2\/pages\/2304"}],"wp:attachment":[{"href":"https:\/\/seafoodfromcanada.ca\/fr\/wp-json\/wp\/v2\/media?parent=2317"}],"wp:term":[{"taxonomy":"search_terms","embeddable":true,"href":"https:\/\/seafoodfromcanada.ca\/fr\/wp-json\/wp\/v2\/search_terms?post=2317"}],"curies":[{"name":"wp","href":"https:\/\/api.w.org\/{rel}","templated":true}]}}