{"id":2344,"date":"2020-12-07T12:12:41","date_gmt":"2020-12-07T16:12:41","guid":{"rendered":"https:\/\/seafoodfromcanada.ca\/?page_id=2344"},"modified":"2021-02-16T08:32:22","modified_gmt":"2021-02-16T12:32:22","slug":"histoires","status":"publish","type":"page","link":"https:\/\/seafoodfromcanada.ca\/fr\/histoires\/","title":{"rendered":"Histoires"},"content":{"rendered":"\n<div class=\"archive archive-story full relative js-story-wrapper\">\n\n\t\n<form method=\"post\" action=\"https:\/\/seafoodfromcanada.ca\/fr\/\" class=\"js-archive-filters f f-full f-story\">\n\n\t<input type=\"hidden\" name=\"current_language\" value=\"fr\">\n\n\t\n\t<div class=\"f-bar full fit mb1\">\n\n\t\t<div class=\"f-bar-inner flex flex-wrap sm-flex-nowrap justify-end align-center px1\">\n\t\t\t<div class=\"f-item f-search-container flex-grow flex align-center relative fit col4 py1\">\n\t\t\t\t<input type=\"search\" name=\"search\" class=\"f-search flex-grow p1 js-sync\" placeholder=\"Recherche&hellip;\">\n\t\t\t\t<button class=\"f-search-submit pl2 pr0 bg-none b0 js-a js-load-filters\" title=\"Soumettre un formulaire de recherche\"><span class=\"fa-svg\" aria-hidden=\"true\" role=\"img\" focusable=\"false\"><svg xmlns=\"http:\/\/www.w3.org\/2000\/svg\" viewBox=\"0 0 512 512\"><path d=\"M508.5 468.9L387.1 347.5c-2.3-2.3-5.3-3.5-8.5-3.5h-13.2c31.5-36.5 50.6-84 50.6-136C416 93.1 322.9 0 208 0S0 93.1 0 208s93.1 208 208 208c52 0 99.5-19.1 136-50.6v13.2c0 3.2 1.3 6.2 3.5 8.5l121.4 121.4c4.7 4.7 12.3 4.7 17 0l22.6-22.6c4.7-4.7 4.7-12.3 0-17zM208 368c-88.4 0-160-71.6-160-160S119.6 48 208 48s160 71.6 160 160-71.6 160-160 160z\"\/><\/svg><\/span><\/button>\n\t\t\t<\/div>\n\n\t\t\t<div class=\"flex-shrink flex pl2 py1\">\n\t\t\t\t<div class=\"f-toggle flex\">\n\t\t\t\t\t<a class=\"f-toggle-anchor flex align-center js-a js-show-filters\">\n\t\t\t\t\t\t<span class=\"uppercase ib pr1 has-strong-style has-font-size font-size-10\">Affiner<\/span>\n\t\t\t\t\t\t<span class=\"fa-svg font-size-18\" aria-hidden=\"true\" role=\"img\" focusable=\"false\"><svg xmlns=\"http:\/\/www.w3.org\/2000\/svg\" viewBox=\"0 0 512 512\"><path d=\"M504 384H8a8 8 0 00-8 8v16a8 8 0 008 8h496a8 8 0 008-8v-16a8 8 0 00-8-8zm0-256a8 8 0 008-8v-16a8 8 0 00-8-8H8a8 8 0 00-8 8v16a8 8 0 008 8zm0 112H8a8 8 0 00-8 8v16a8 8 0 008 8h496a8 8 0 008-8v-16a8 8 0 00-8-8z\"\/><g fill=\"#00f\"><path fill=\"#fff\" d=\"M192 64h32v96h-32z\"\/><path d=\"M256 56a23.94 23.94 0 00-24-24h-48a23.94 23.94 0 00-24 24v112a23.94 23.94 0 0024 24h48a23.94 23.94 0 0024-24zm-32 104h-32V64h32z\"\/><\/g><g fill=\"#0f0\"><path d=\"M392 176h-48a23.94 23.94 0 00-24 24v112a23.94 23.94 0 0024 24h48a23.94 23.94 0 0024-24V200a23.94 23.94 0 00-24-24zm-8 128h-32v-96h32z\"\/><path fill=\"#fff\" d=\"M352 208h32v96h-32z\"\/><\/g><g fill=\"#f00\"><path d=\"M168 320h-48a23.94 23.94 0 00-24 24v112a23.94 23.94 0 0024 24h48a23.94 23.94 0 0024-24V344a23.94 23.94 0 00-24-24zm-8 128h-32v-96h32z\"\/><path fill=\"#fff\" d=\"M128 352h32v96h-32z\"\/><\/g><\/svg><\/span>\n\t\t\t\t\t<\/a>\n\t\t\t\t<\/div>\n\n\t\t\t\t<div class=\"f-navigation flex justify-end fit\">\n\t\t\t\t\t<a class=\"f-prev flex align-center disabled js-archive-prev js-pagination js-a\" title=\"R\u00e9sultats pr\u00e9c\u00e9dents\">\n\t\t\t\t\t\t<span class=\"fa-svg\" aria-hidden=\"true\" role=\"img\" focusable=\"false\"><svg xmlns=\"http:\/\/www.w3.org\/2000\/svg\" viewBox=\"0 0 192 512\"><path d=\"M25.1 247.5l117.8-116c4.7-4.7 12.3-4.7 17 0l7.1 7.1c4.7 4.7 4.7 12.3 0 17L64.7 256l102.2 100.4c4.7 4.7 4.7 12.3 0 17l-7.1 7.1c-4.7 4.7-12.3 4.7-17 0L25 264.5c-4.6-4.7-4.6-12.3.1-17z\"\/><\/svg><\/span>\n\t\t\t\t\t<\/a>\n\t\t\t\t\t<a class=\"f-next flex align-center disabled js-archive-next js-pagination js-a\" title=\"Prochains r\u00e9sultats\">\n\t\t\t\t\t\t<span class=\"fa-svg\" aria-hidden=\"true\" role=\"img\" focusable=\"false\"><svg xmlns=\"http:\/\/www.w3.org\/2000\/svg\" viewBox=\"0 0 192 512\"><path d=\"M166.9 264.5l-117.8 116c-4.7 4.7-12.3 4.7-17 0l-7.1-7.1c-4.7-4.7-4.7-12.3 0-17L127.3 256 25.1 155.6c-4.7-4.7-4.7-12.3 0-17l7.1-7.1c4.7-4.7 12.3-4.7 17 0l117.8 116c4.6 4.7 4.6 12.3-.1 17z\"\/><\/svg><\/span>\n\t\t\t\t\t<\/a>\n\t\t\t\t<\/div>\t\t\t<\/div>\n\t\t<\/div>\n\n\t<\/div>\n\n\t<div class=\"f-additional hol flex justify-center mt0 js-form-fieldset-options\">\n\n\t\t<div class=\"f-additional-close col12 edge-fit flex justify-end\">\n\t\t\t<div class=\"nav-toggle-wrap relative mt0\">\n\t\t\t\t<a href=\"#\" class=\"nav-toggle nav-toggle-open relative overflow-h b js-a js-hide-filters\" title=\"Cacher les filtres\">\n\t\t\t\t\t<span><\/span>\n\t\t\t\t\t<span><\/span>\n\t\t\t\t\t<span><\/span>\n\t\t\t\t<\/a>\n\t\t\t<\/div>\n\t\t<\/div>\n\n\t\t<div class=\"f-additional-inner col6 edge-fit relative has-white-color mt0 py3\">\n\n\t\t\t<span class=\"has-accent-font f700 font-size-30 b mb4 pt4\">Affiner<\/span>\n\n\t\t\t<div class=\"search-form my4 relative\">\n\t\t\t\t<input type=\"search\" name=\"search\" class=\"search-form-input full fit m0 p2 js-sync\" aria-label=\"Recherche\" placeholder=\"Recherche&hellip;\" value=\"\">\n\t\t\t\t<button type=\"submit\" class=\"search-form-submit bg-none mt0 b0 js-a\" aria-label=\"Soumettre un formulaire de recherche\"><span class=\"fa-svg\" aria-hidden=\"true\" role=\"img\" focusable=\"false\"><svg xmlns=\"http:\/\/www.w3.org\/2000\/svg\" viewBox=\"0 0 512 512\"><path d=\"M508.5 468.9L387.1 347.5c-2.3-2.3-5.3-3.5-8.5-3.5h-13.2c31.5-36.5 50.6-84 50.6-136C416 93.1 322.9 0 208 0S0 93.1 0 208s93.1 208 208 208c52 0 99.5-19.1 136-50.6v13.2c0 3.2 1.3 6.2 3.5 8.5l121.4 121.4c4.7 4.7 12.3 4.7 17 0l22.6-22.6c4.7-4.7 4.7-12.3 0-17zM208 368c-88.4 0-160-71.6-160-160S119.6 48 208 48s160 71.6 160 160-71.6 160-160 160z\"\/><\/svg><\/span><\/button>\n\t\t\t<\/div>\n\n\t\t\t\n\t\t\t\n\t\t\t<div class=\"f-option mt4 pb4 flex align-baseline\">\n\n\t\t\t\t<a class=\"f-apply is-style-button mr3 js-a js-load-filters\"><span>Rechercher<\/span><\/a>\n\n\t\t\t\t<a class=\"f-cancel flex-shrink flex align-end font-size-13 uppercase lh1 js-a js-hide-filters\">\n\t\t\t\t\t<span class=\"ib\">Annuler<\/span>\n\t\t\t\t\t<span class=\"fa-svg fa-fw filters-icon ml1 font-size-10\"><svg xmlns=\"http:\/\/www.w3.org\/2000\/svg\" viewBox=\"0 0 320 512\"><path d=\"M207.6 256l107.72-107.72c6.23-6.23 6.23-16.34 0-22.58l-25.03-25.03c-6.23-6.23-16.34-6.23-22.58 0L160 208.4 52.28 100.68c-6.23-6.23-16.34-6.23-22.58 0L4.68 125.7c-6.23 6.23-6.23 16.34 0 22.58L112.4 256 4.68 363.72c-6.23 6.23-6.23 16.34 0 22.58l25.03 25.03c6.23 6.23 16.34 6.23 22.58 0L160 303.6l107.72 107.72c6.23 6.23 16.34 6.23 22.58 0l25.03-25.03c6.23-6.23 6.23-16.34 0-22.58L207.6 256z\"\/><\/svg><\/span>\n\t\t\t\t<\/a>\n\n\t\t\t<\/div>\n\t\t<\/div>\n\t<\/div>\n<\/form>\n\n\t<div class=\"archive-grid-wrap py1\">\n\n\t\t<div class=\"archive-grid archive-grid-story js-archive-grid-wrap mxn1\">\n\n\t\t\t<div class=\"archive-items archive-items-story flex flex-wrap js-archive-item-grid\">\n\n\t\t\t<\/div>\n\t\t<\/div>\n\t<\/div> \n\t\n<div class=\"f-post flex justify-end py3\">\n\t<span class=\"f-pagination flex align-center justify-end col2\">\n\t\t<span class=\"js-page\">1<\/span>\n\t\t<span class=\"px1\">de<\/span>\n\t\t<span class=\"js-total\">1<\/span>\n\t<\/span>\n\n\t<div class=\"f-navigation flex justify-end fit\">\n\t\t<a class=\"f-prev flex align-center disabled js-archive-prev js-pagination js-a\" title=\"R\u00e9sultats pr\u00e9c\u00e9dents\">\n\t\t\t<span class=\"fa-svg\" aria-hidden=\"true\" role=\"img\" focusable=\"false\"><svg xmlns=\"http:\/\/www.w3.org\/2000\/svg\" viewBox=\"0 0 192 512\"><path d=\"M25.1 247.5l117.8-116c4.7-4.7 12.3-4.7 17 0l7.1 7.1c4.7 4.7 4.7 12.3 0 17L64.7 256l102.2 100.4c4.7 4.7 4.7 12.3 0 17l-7.1 7.1c-4.7 4.7-12.3 4.7-17 0L25 264.5c-4.6-4.7-4.6-12.3.1-17z\"\/><\/svg><\/span>\n\t\t<\/a>\n\t\t<a class=\"f-next flex align-center disabled js-archive-next js-pagination js-a\" title=\"Prochains r\u00e9sultats\">\n\t\t\t<span class=\"fa-svg\" aria-hidden=\"true\" role=\"img\" focusable=\"false\"><svg xmlns=\"http:\/\/www.w3.org\/2000\/svg\" viewBox=\"0 0 192 512\"><path d=\"M166.9 264.5l-117.8 116c-4.7 4.7-12.3 4.7-17 0l-7.1-7.1c-4.7-4.7-4.7-12.3 0-17L127.3 256 25.1 155.6c-4.7-4.7-4.7-12.3 0-17l7.1-7.1c4.7-4.7 12.3-4.7 17 0l117.8 116c4.6 4.7 4.6 12.3-.1 17z\"\/><\/svg><\/span>\n\t\t<\/a>\n\t<\/div>\n<\/div>\n\n\t\n<script type=\"text\/template\" class=\"archive-list-template\">\n\n\t<article class='gi gi-<%= type %> flex full fit o0'>\n\t\t<a href=\"<%= link %>\" class='gi-inner flex-auto flex flex-col p2 mx1 my3 relative overflow-h item-<%= id %>'>\n\t\t\t<div class=\"flex-auto\">\n\t\t\t\t<div class=\"lh3 font-size-13\">\n\t\t\t\t\t<time class=\"b has-strong-style\" datetime=\"<%= dates.rfc %>\">\n\t\t\t\t\t\t<span><%= dates.article %><\/span>\n\t\t\t\t\t<\/time>\n\t\t\t\t\t<span class=\"gi-region term-list uppercase mt0 <%= category.length > 1 ? 'gi-lots' : '' %>\"><% _.each( category, function(term) { %><span><%= term.name %><\/span><% }); %><\/span>\n\t\t\t\t<\/div>\n\t\t\t\t<header class='gi-title mt2 pb3'>\n\t\t\t\t\t<span class=\"font-size-25 lh2 c-current\"><%= title.rendered %><\/span>\n\t\t\t\t<\/header>\t\t\t<\/div>\n\t\t\t<div>\n\t\t\t\t<span class=\"gi-button\">Lire la suite<\/span>\n\t\t\t<\/div>\n\t\t<\/a>\t<\/article>\n<\/script>\n\n\t<script type=\"text\/template\" class=\"archive-no-content\">\n\n\t<div class='gi gi-no-content gi-full flex alignc visible js-archive-no-content'>\n\t\t<div class='gi-inner p3 mx2 full fit'>\n\t\t\t<span>D\u00e9sol\u00e9, aucun r\u00e9sultat n'a pu \u00eatre trouv\u00e9.<\/span>\n\t\t<\/div>\t<\/div>\n<\/script>\n\n<\/div>\n","protected":false},"excerpt":{"rendered":"","protected":false},"author":1,"featured_media":1614,"parent":0,"menu_order":40,"comment_status":"closed","ping_status":"closed","template":"","meta":{"footnotes":""},"search_terms":[],"class_list":["post-2344","page","type-page","status-publish","has-post-thumbnail","hentry"],"_links":{"self":[{"href":"https:\/\/seafoodfromcanada.ca\/fr\/wp-json\/wp\/v2\/pages\/2344","targetHints":{"allow":["GET"]}}],"collection":[{"href":"https:\/\/seafoodfromcanada.ca\/fr\/wp-json\/wp\/v2\/pages"}],"about":[{"href":"https:\/\/seafoodfromcanada.ca\/fr\/wp-json\/wp\/v2\/types\/page"}],"author":[{"embeddable":true,"href":"https:\/\/seafoodfromcanada.ca\/fr\/wp-json\/wp\/v2\/users\/1"}],"replies":[{"embeddable":true,"href":"https:\/\/seafoodfromcanada.ca\/fr\/wp-json\/wp\/v2\/comments?post=2344"}],"version-history":[{"count":4,"href":"https:\/\/seafoodfromcanada.ca\/fr\/wp-json\/wp\/v2\/pages\/2344\/revisions"}],"predecessor-version":[{"id":3033,"href":"https:\/\/seafoodfromcanada.ca\/fr\/wp-json\/wp\/v2\/pages\/2344\/revisions\/3033"}],"wp:featuredmedia":[{"embeddable":true,"href":"https:\/\/seafoodfromcanada.ca\/fr\/wp-json\/wp\/v2\/media\/1614"}],"wp:attachment":[{"href":"https:\/\/seafoodfromcanada.ca\/fr\/wp-json\/wp\/v2\/media?parent=2344"}],"wp:term":[{"taxonomy":"search_terms","embeddable":true,"href":"https:\/\/seafoodfromcanada.ca\/fr\/wp-json\/wp\/v2\/search_terms?post=2344"}],"curies":[{"name":"wp","href":"https:\/\/api.w.org\/{rel}","templated":true}]}}