{"id":2751,"date":"2021-01-14T13:01:28","date_gmt":"2021-01-14T17:01:28","guid":{"rendered":"https:\/\/seafoodfromcanada.ca\/?page_id=2751"},"modified":"2021-01-14T13:01:29","modified_gmt":"2021-01-14T17:01:29","slug":"politique-de-confidentialite","status":"publish","type":"page","link":"https:\/\/seafoodfromcanada.ca\/fr\/politique-de-confidentialite\/","title":{"rendered":"Politique de confidentialit\u00e9"},"content":{"rendered":"\n<h2 class=\"wp-block-heading\">Qui sommes-nous\u2009?<\/h2>\n\n\n\n<p>L'adresse de notre site Web est la suivante&nbsp;: <a href=\"https:\/\/seafoodfromcanada.ca\" target=\"_blank\" rel=\"noreferrer noopener\">https:\/\/seafoodfromcanada.ca<\/a><\/p>\n\n\n\n<h2 class=\"wp-block-heading\">Quels sont les renseignements personnels que nous recueillons et pourquoi nous les recueillons<\/h2>\n\n\n\n<h3 class=\"wp-block-heading\">Formulaires de communication&nbsp;<\/h3>\n\n\n\n<p>Les soumissions faites par le biais du formulaire de communication seront conserv\u00e9es dans une base de donn\u00e9es s\u00e9curitaires et seront aussi envoy\u00e9es par courriel au personnel de Produits de la mer du Canada.<\/p>\n\n\n\n<h3 class=\"wp-block-heading\">Contenu int\u00e9gr\u00e9 provenant d'autres sites Web<\/h3>\n\n\n\n<p>Les articles de ce site peuvent comporter du contenu int\u00e9gr\u00e9 (par exemple des vid\u00e9os, des images, des articles, etc.). Le contenu int\u00e9gr\u00e9 d'autres sites Web se comporte exactement de la m\u00eame mani\u00e8re que si le visiteur avait visit\u00e9 l'autre site Web.<\/p>\n\n\n\n<p>Ces sites Web peuvent recueillir des renseignements personnels, utiliser des t\u00e9moins, int\u00e9grer un suivi suppl\u00e9mentaire de tiers et surveiller votre interaction avec ce contenu int\u00e9gr\u00e9, y compris le suivi de votre interaction avec le contenu int\u00e9gr\u00e9 si vous avez un compte et \u00eates connect\u00e9 \u00e0 ce site Web.<\/p>\n\n\n\n<h3 class=\"wp-block-heading\">Web analytiques<\/h3>\n\n\n\n<p>Les services contenus dans cette section permettent au propri\u00e9taire de surveiller et d'analyser le trafic Web et peuvent \u00eatre utilis\u00e9s pour suivre le comportement des utilisateurs.<\/p>\n\n\n\n<p>Produits de la mer du Canada utilise un programme d'analyse ax\u00e9 sur la protection de la vie priv\u00e9e qui anonymise les adresses IP ainsi que d'autres techniques d'anonymisation des donn\u00e9es, et respecte les param\u00e8tres \u00ab\u2009Ne pas me pister\u2009\u00bb. Le logiciel d'analyse est h\u00e9berg\u00e9 sur la m\u00eame plateforme que le site seafoodfromcanada.ca, au Canada avec Digital Ocean (voir la <a href=\"https:\/\/www.digitalocean.com\/legal\/privacy-policy\/\">politique de confidentialit\u00e9<\/a> [texte en anglais seulement] de Digital Ocean).<\/p>\n\n\n\n<h3 class=\"wp-block-heading\">Combien de temps nous conservons vos donn\u00e9es<\/h3>\n\n\n\n<p>Si vous effectuez une soumission par le biais du formulaire de communication, la soumission et ses m\u00e9tadonn\u00e9es sont conserv\u00e9es ind\u00e9finiment. Cela nous permet de maintenir une v\u00e9rification des communications et une sauvegarde de toutes les soumissions en cas d'\u00e9chec de livraison des courriels.<\/p>\n\n\n\n<h3 class=\"wp-block-heading\">Quels sont vos droits sur vos renseignements personnels<\/h3>\n\n\n\n<p>Si vous avez soumis un formulaire de communication, vous pouvez demander \u00e0 recevoir un fichier export\u00e9 des renseignements personnels que nous d\u00e9tenons \u00e0 votre sujet, y compris les renseignements personnels que vous nous avez fournis. Vous pouvez \u00e9galement nous demander d'effacer tout renseignement personnel que nous d\u00e9tenons \u00e0 votre sujet. Cela n'inclut pas les renseignements personnels que nous sommes oblig\u00e9s de conserver \u00e0 des fins administratives, juridiques ou de s\u00e9curit\u00e9.<\/p>\n\n\n\n<h3 class=\"wp-block-heading\">O\u00f9 nous envoyons vos donn\u00e9es<\/h3>\n\n\n\n<p>Tout le contenu du site est h\u00e9berg\u00e9 au Canada par Digital Ocean.<\/p>\n\n\n\n<p>Voir la <a href=\"https:\/\/www.digitalocean.com\/legal\/privacy-policy\/\">politique de confidentialit\u00e9<\/a> (texte en anglais seulement) de Digital Ocean.<\/p>\n\n\n\n<p>Les demandes vers et en provenance du site passent par Cloudflare.<\/p>\n\n\n\n<p>Voir la <a href=\"https:\/\/www.cloudflare.com\/en-ca\/privacypolicy\/\">politique de confidentialit\u00e9<\/a> (texte en anglais seulement) de Cloudflare<\/p>\n\n\n\n<p>Tous les renseignements soumis par le biais des formulaires de communication sont envoy\u00e9s par Mailgun.<\/p>\n\n\n\n<p>Voir la <a href=\"https:\/\/www.mailgun.com\/privacy-policy\/\">politique de confidentialit\u00e9<\/a> (texte en anglais seulement) de Mailgun<\/p>\n","protected":false},"excerpt":{"rendered":"<p>Qui sommes-nous\u2009? L\u2019adresse de notre site Web est la suivante&nbsp;: https:\/\/seafoodfromcanada.<\/p>\n","protected":false},"author":4,"featured_media":0,"parent":0,"menu_order":1000,"comment_status":"closed","ping_status":"open","template":"","meta":{"footnotes":""},"search_terms":[],"class_list":["post-2751","page","type-page","status-publish","hentry"],"_links":{"self":[{"href":"https:\/\/seafoodfromcanada.ca\/fr\/wp-json\/wp\/v2\/pages\/2751","targetHints":{"allow":["GET"]}}],"collection":[{"href":"https:\/\/seafoodfromcanada.ca\/fr\/wp-json\/wp\/v2\/pages"}],"about":[{"href":"https:\/\/seafoodfromcanada.ca\/fr\/wp-json\/wp\/v2\/types\/page"}],"author":[{"embeddable":true,"href":"https:\/\/seafoodfromcanada.ca\/fr\/wp-json\/wp\/v2\/users\/4"}],"replies":[{"embeddable":true,"href":"https:\/\/seafoodfromcanada.ca\/fr\/wp-json\/wp\/v2\/comments?post=2751"}],"version-history":[{"count":1,"href":"https:\/\/seafoodfromcanada.ca\/fr\/wp-json\/wp\/v2\/pages\/2751\/revisions"}],"predecessor-version":[{"id":2752,"href":"https:\/\/seafoodfromcanada.ca\/fr\/wp-json\/wp\/v2\/pages\/2751\/revisions\/2752"}],"wp:attachment":[{"href":"https:\/\/seafoodfromcanada.ca\/fr\/wp-json\/wp\/v2\/media?parent=2751"}],"wp:term":[{"taxonomy":"search_terms","embeddable":true,"href":"https:\/\/seafoodfromcanada.ca\/fr\/wp-json\/wp\/v2\/search_terms?post=2751"}],"curies":[{"name":"wp","href":"https:\/\/api.w.org\/{rel}","templated":true}]}}