{"id":3581,"date":"2021-11-26T16:20:54","date_gmt":"2021-11-26T20:20:54","guid":{"rendered":"https:\/\/seafoodfromcanada.ca\/?page_id=3581"},"modified":"2021-11-26T16:20:54","modified_gmt":"2021-11-26T20:20:54","slug":"soumettre-votre-evenement","status":"publish","type":"page","link":"https:\/\/seafoodfromcanada.ca\/fr\/soumettre-votre-evenement\/","title":{"rendered":"Soumettre votre \u00e9v\u00e9nement"},"content":{"rendered":"<div class=\"submit-your-event\">\n\t<form method=\"post\" action=\"https:\/\/seafoodfromcanada.ca\/fr\/soumettre-votre-evenement\/\" id=\"js-submit-your-event\">\n\n\t\t<div id=\"js-submit-your-event-form-fields\">\n\t\t\t<input type=\"hidden\" name=\"submit_your_event_nonce\" id=\"js-submit-your-event-nonce\" value=\"96b858bad4\">\n\n\t\t\t<fieldset>\n\t\t\t\t<legend>Vos informations<\/legend>\n\n\t\t\t\t<span class=\"lh2 mt1 pb2 ib\"><em>Pour toute question ou suivi, veuillez indiquer vos coordonn\u00e9es. Ces renseignements servent uniquement \u00e0 vous contacter et ne feront pas partie de la description de l&#039;\u00e9v\u00e9nement.<\/em><\/span>\n\n\t\t\t\t<div class=\"form-row mb2 relative lh1\">\n\t\t\t\t\t<label for=\"form-submit-event-name\" class=\"h\">Nom complet<\/label>\n\t\t\t\t\t<input id=\"form-submit-event-name\" type=\"text\" name=\"meta[submitter_name]\" placeholder=\"Nom complet\" class=\"b p2 full mt0 validate[required]\" value=\"\" required>\n\t\t\t\t<\/div>\n\t\t\t\t<div class=\"form-row mb2 relative lh1\">\n\t\t\t\t\t<label for=\"form-submit-event-email\" class=\"h\">Courriel<\/label>\n\t\t\t\t\t<input id=\"form-submit-event-email\" type=\"email\" name=\"meta[submitter_email]\" placeholder=\"Courriel\" class=\"b p2 full mt0 validate[required,custom[email]]\" pattern=\"[a-zA-Z0-9.-_]{1,}@[a-zA-Z0-9.-]{1,}[.]{1}[a-zA-Z0-9]{2,}\" value=\"\" required>\n\t\t\t\t<\/div>\n\n\t\t\t<\/fieldset>\n\t\t\t<fieldset>\n\t\t\t\t<legend>\u00c0 propos de l&#039;\u00e9v\u00e9nement<\/legend>\n\n\t\t\t\t<div class=\"form-row mb2 relative lh1\">\n\t\t\t\t\t<label for=\"form-submit-event-event-name\" class=\"h\">Nom de l&#039;\u00e9v\u00e9nement<\/label>\n\t\t\t\t\t<input id=\"form-submit-event-event-name\" type=\"text\" name=\"post[post_title]\" placeholder=\"Nom de l&#039;\u00e9v\u00e9nement\" class=\"b p2 full mt0 validate[required]\" value=\"\" required>\n\t\t\t\t<\/div>\n\n\t\t\t\t<div class=\"form-row mb2 relative lh1\">\n\t\t\t\t\t<label for=\"form-submit-event-description\" class=\"h\">Description de l&#039;\u00e9v\u00e9nement<\/label>\n\t\t\t\t\t<textarea id=\"form-submit-event-description\" type=\"text\" name=\"post[post_content]\" placeholder=\"Description de l&#039;\u00e9v\u00e9nement\" class=\"b p2 full mt0 validate[required]\" required><\/textarea>\n\t\t\t\t<\/div>\n\n\t\t\t\t<div class=\"form-row mb2 relative lh1\">\n\t\t\t\t\t<label for=\"form-submit-event-event-location\" class=\"h\">Lieu<\/label>\n\t\t\t\t\t<input id=\"form-submit-event-event-location\" type=\"text\" name=\"event[69e659381116b][location]\" placeholder=\"Lieu\" class=\"b p2 full mt0\" value=\"\">\n\t\t\t\t<\/div>\n\n\t\t\t<\/fieldset>\n\t\t\t<fieldset>\n\t\t\t\t<legend>Date et heure de l&#039;\u00e9v\u00e9nement<\/legend>\n\n\t\t\t\t<input type=\"hidden\" id=\"js-event-start-year\" name=\"event[69e659381116b][start][year]\">\n\t\t\t\t<input type=\"hidden\" id=\"js-event-start-month\" name=\"event[69e659381116b][start][month]\">\n\t\t\t\t<input type=\"hidden\" id=\"js-event-start-day\" name=\"event[69e659381116b][start][day]\">\n\n\t\t\t\t<input type=\"hidden\" id=\"js-event-end-year\" name=\"event[69e659381116b][end][year]\">\n\t\t\t\t<input type=\"hidden\" id=\"js-event-end-month\" name=\"event[69e659381116b][end][month]\">\n\t\t\t\t<input type=\"hidden\" id=\"js-event-end-day\" name=\"event[69e659381116b][end][day]\">\n\n\t\t\t\t<div class=\"sm-flex sm-justify-between\">\n\t\t\t\t\t<div class=\"form-row mb2 relative lh1 sm-flex-basis-45\">\n\t\t\t\t\t\t<input type=\"text\" name=\"start_date\" class=\"b p2 full mt0 validate[required]\" id=\"js-start-date\" autocomplete=\"off\" placeholder=\"Date de d\u00e9but\" value=\"\">\n\t\t\t\t\t<\/div>\n\t\t\t\t\t<div class=\"form-row mb2 relative lh1 sm-flex-basis-45\">\n\t\t\t\t\t\t<input type=\"text\" name=\"end_date\" class=\"b p2 full mt0 validate[required]\" id=\"js-end-date\" autocomplete=\"off\" placeholder=\"Date de fin\" value=\"\">\n\t\t\t\t\t<\/div>\n\t\t\t\t<\/div>\n\n\t\t\t\t<div class=\"form-row mb2 relative lh1\">\n\t\t\t\t\t<div class=\"checkrad\"><input type=\"checkbox\" id=\"checkrad-69e659381116b-all-day\" name=\"event[69e659381116b][all_day]\" value=\"1\"  checked='checked' \/><label for=\"checkrad-69e659381116b-all-day\" class=\"checkrad-label checkrad-label-button js-checkrad-label\" id=\"js-event-all-day-toggle\"><span>\u00c9v\u00e9nement d&#039;une journ\u00e9e<\/span><\/label><\/div>\t\t\t\t<\/div>\n\n\t\t\t\t<div class=\"h\" id=\"js-event-time\">\n\n\t\t\t\t\t<div class=\"form-row mb2 relative lh1 sm-flex sm-justify-between has-off-white-background-color py2 px3 br2\">\n\n\t\t\t\t\t\t<div class=\"flex-basis-45\">\n\n\t\t\t\t\t\t\t<span class=\"b uppercase font-size-15 has-cod-grey-color pt1\">Heure de d\u00e9but<\/span>\n\n\t\t\t\t\t\t\t<div class=\"flex mt1\">\n\t\t\t\t\t\t\t\t<div class=\"f-item flex-basis-45 fit mr2\">\n\t\t\t\t\t\t\t\t\t<select class=\"full js-selectize\" name=\"event[69e659381116b][start][hour]\">\n\t\t\t\t\t\t\t\t\t\t<option value=\"\">Heure<\/option>\n\t\t\t\t\t\t\t\t\t\t<option value=\"0\" >12 AM<\/option><option value=\"1\" >1 AM<\/option><option value=\"2\" >2 AM<\/option><option value=\"3\" >3 AM<\/option><option value=\"4\" >4 AM<\/option><option value=\"5\" >5 AM<\/option><option value=\"6\" >6 AM<\/option><option value=\"7\" >7 AM<\/option><option value=\"8\" >8 AM<\/option><option value=\"9\" >9 AM<\/option><option value=\"10\" >10 AM<\/option><option value=\"11\" >11 AM<\/option><option value=\"12\" >12 PM<\/option><option value=\"13\" >1 PM<\/option><option value=\"14\" >2 PM<\/option><option value=\"15\" >3 PM<\/option><option value=\"16\" >4 PM<\/option><option value=\"17\" >5 PM<\/option><option value=\"18\" >6 PM<\/option><option value=\"19\" >7 PM<\/option><option value=\"20\" >8 PM<\/option><option value=\"21\" >9 PM<\/option><option value=\"22\" >10 PM<\/option><option value=\"23\" >11 PM<\/option>\t\t\t\t\t\t\t\t\t<\/select>\n\t\t\t\t\t\t\t\t<\/div>\n\t\t\t\t\t\t\t\t<div class=\"f-item flex-basis-45 fit\">\n\t\t\t\t\t\t\t\t\t<select class=\"full js-selectize\" name=\"event[69e659381116b][start][minute]\">\n\t\t\t\t\t\t\t\t\t\t<option value=\"\">Minute<\/option>\n\t\t\t\t\t\t\t\t\t\t<option value=\"0\" >00<\/option><option value=\"15\" >15<\/option><option value=\"30\" >30<\/option><option value=\"45\" >45<\/option>\t\t\t\t\t\t\t\t\t<\/select>\n\t\t\t\t\t\t\t\t<\/div>\n\t\t\t\t\t\t\t<\/div>\n\n\t\t\t\t\t\t<\/div>\n\t\t\t\t\t\t<div class=\"flex-basis-45\">\n\n\t\t\t\t\t\t\t<span class=\"b uppercase font-size-15 has-cod-grey-color pt1\">Heure de fin<\/span>\n\n\t\t\t\t\t\t\t<div class=\"flex mt1\">\n\t\t\t\t\t\t\t\t<div class=\"f-item flex-basis-45 fit mr2\">\n\t\t\t\t\t\t\t\t\t<select class=\"full js-selectize\" name=\"event[69e659381116b][end][hour]\">\n\t\t\t\t\t\t\t\t\t\t<option value=\"\">Heure<\/option>\n\t\t\t\t\t\t\t\t\t\t<option value=\"0\" >12 AM<\/option><option value=\"1\" >1 AM<\/option><option value=\"2\" >2 AM<\/option><option value=\"3\" >3 AM<\/option><option value=\"4\" >4 AM<\/option><option value=\"5\" >5 AM<\/option><option value=\"6\" >6 AM<\/option><option value=\"7\" >7 AM<\/option><option value=\"8\" >8 AM<\/option><option value=\"9\" >9 AM<\/option><option value=\"10\" >10 AM<\/option><option value=\"11\" >11 AM<\/option><option value=\"12\" >12 PM<\/option><option value=\"13\" >1 PM<\/option><option value=\"14\" >2 PM<\/option><option value=\"15\" >3 PM<\/option><option value=\"16\" >4 PM<\/option><option value=\"17\" >5 PM<\/option><option value=\"18\" >6 PM<\/option><option value=\"19\" >7 PM<\/option><option value=\"20\" >8 PM<\/option><option value=\"21\" >9 PM<\/option><option value=\"22\" >10 PM<\/option><option value=\"23\" >11 PM<\/option>\t\t\t\t\t\t\t\t\t<\/select>\n\t\t\t\t\t\t\t\t<\/div>\n\n\t\t\t\t\t\t\t\t<div class=\"f-item flex-basis-45 fit\">\n\t\t\t\t\t\t\t\t\t<select class=\"full js-selectize\" name=\"event[69e659381116b][end][minute]\">\n\t\t\t\t\t\t\t\t\t\t<option value=\"\">Minute<\/option>\n\t\t\t\t\t\t\t\t\t\t<option value=\"0\" >00<\/option><option value=\"15\" >15<\/option><option value=\"30\" >30<\/option><option value=\"45\" >45<\/option>\t\t\t\t\t\t\t\t\t<\/select>\n\t\t\t\t\t\t\t\t<\/div>\n\t\t\t\t\t\t\t<\/div>\n\n\t\t\t\t\t\t<\/div>\n\t\t\t\t\t<\/div>\n\t\t\t\t<\/div>\n\n\t\t\t<\/fieldset>\n\n\t\t\t<div\n\t\t\t\tclass=\"cf-turnstile\"\n\t\t\t\tdata-sitekey=\"0x4AAAAAAB8PemspqGmBRww8\"\n\t\t\t\tdata-callback=\"onEventTurnstileSuccess\"\n\t\t\t\tdata-error-callback=\"onEventTurnstileError\"\n\t\t\t\tdata-expired-callback=\"onEventTurnstileExpired\"\n\t\t\t><\/div>\n\n\t\t\t<button type=\"submit\" class=\"button\">Soumettre votre \u00e9v\u00e9nement<\/button>\n\n\t\t<\/div>\n\n\t\t<p class=\"form-message h has-white-smoke-background-color p2 lh2\" id=\"js-submit-your-event-response-area\"><\/p>\n\n\t<\/form>\n<\/div>\n","protected":false},"excerpt":{"rendered":"","protected":false},"author":1,"featured_media":0,"parent":0,"menu_order":120,"comment_status":"closed","ping_status":"closed","template":"","meta":{"footnotes":""},"search_terms":[],"class_list":["post-3581","page","type-page","status-publish","hentry"],"_links":{"self":[{"href":"https:\/\/seafoodfromcanada.ca\/fr\/wp-json\/wp\/v2\/pages\/3581","targetHints":{"allow":["GET"]}}],"collection":[{"href":"https:\/\/seafoodfromcanada.ca\/fr\/wp-json\/wp\/v2\/pages"}],"about":[{"href":"https:\/\/seafoodfromcanada.ca\/fr\/wp-json\/wp\/v2\/types\/page"}],"author":[{"embeddable":true,"href":"https:\/\/seafoodfromcanada.ca\/fr\/wp-json\/wp\/v2\/users\/1"}],"replies":[{"embeddable":true,"href":"https:\/\/seafoodfromcanada.ca\/fr\/wp-json\/wp\/v2\/comments?post=3581"}],"version-history":[{"count":1,"href":"https:\/\/seafoodfromcanada.ca\/fr\/wp-json\/wp\/v2\/pages\/3581\/revisions"}],"predecessor-version":[{"id":3582,"href":"https:\/\/seafoodfromcanada.ca\/fr\/wp-json\/wp\/v2\/pages\/3581\/revisions\/3582"}],"wp:attachment":[{"href":"https:\/\/seafoodfromcanada.ca\/fr\/wp-json\/wp\/v2\/media?parent=3581"}],"wp:term":[{"taxonomy":"search_terms","embeddable":true,"href":"https:\/\/seafoodfromcanada.ca\/fr\/wp-json\/wp\/v2\/search_terms?post=3581"}],"curies":[{"name":"wp","href":"https:\/\/api.w.org\/{rel}","templated":true}]}}