{"id":5436,"date":"2025-09-10T15:51:30","date_gmt":"2025-09-10T18:51:30","guid":{"rendered":"https:\/\/seafoodfromcanada.ca\/?page_id=5436"},"modified":"2025-09-10T15:51:55","modified_gmt":"2025-09-10T18:51:55","slug":"portrait-du-commerce-de-detail-et-de-larestauration-en-europe","status":"publish","type":"page","link":"https:\/\/seafoodfromcanada.ca\/fr\/portrait-du-commerce-de-detail-et-de-larestauration-en-europe\/","title":{"rendered":"Portrait du commerce de d\u00e9tail et de larestauration en Europe"},"content":{"rendered":"\n<h2 class=\"wp-block-heading has-cyprus-color has-text-color has-link-color wp-elements-3afd77352221f16930f85fb6533f3ffd\">D\u00e9bouch\u00e9s pour le poisson et les fruits de mer canadiens dans l'Union europ\u00e9enne<\/h2>\n\n\n\n<div style=\"height:20px\" aria-hidden=\"true\" class=\"wp-block-spacer\"><\/div>\n\n\n\n<div data-wp-interactive=\"core\/file\" class=\"wp-block-file\"><object data-wp-bind--hidden=\"!state.hasPdfPreview\" hidden class=\"wp-block-file__embed\" data=\"https:\/\/seafoodfromcanada.ca\/site\/uploads\/2025\/09\/french-the-retail-seafood-market-in-europe-and-opportunities-for-canadian-products.pdf\" type=\"application\/pdf\" style=\"width:100%;height:600px\" aria-label=\"PDF embed\"><\/object><a href=\"https:\/\/seafoodfromcanada.ca\/site\/uploads\/2025\/09\/french-the-retail-seafood-market-in-europe-and-opportunities-for-canadian-products.pdf\" class=\"wp-block-file__button wp-element-button\" download>Download<\/a><\/div>\n","protected":false},"excerpt":{"rendered":"<p>D\u00e9bouch\u00e9s pour le poisson et les fruits de mer canadiens dans l\u2019Union europ\u00e9enne Download.<\/p>\n","protected":false},"author":4,"featured_media":0,"parent":0,"menu_order":0,"comment_status":"closed","ping_status":"closed","template":"","meta":{"footnotes":""},"search_terms":[],"class_list":["post-5436","page","type-page","status-publish","hentry"],"_links":{"self":[{"href":"https:\/\/seafoodfromcanada.ca\/fr\/wp-json\/wp\/v2\/pages\/5436","targetHints":{"allow":["GET"]}}],"collection":[{"href":"https:\/\/seafoodfromcanada.ca\/fr\/wp-json\/wp\/v2\/pages"}],"about":[{"href":"https:\/\/seafoodfromcanada.ca\/fr\/wp-json\/wp\/v2\/types\/page"}],"author":[{"embeddable":true,"href":"https:\/\/seafoodfromcanada.ca\/fr\/wp-json\/wp\/v2\/users\/4"}],"replies":[{"embeddable":true,"href":"https:\/\/seafoodfromcanada.ca\/fr\/wp-json\/wp\/v2\/comments?post=5436"}],"version-history":[{"count":2,"href":"https:\/\/seafoodfromcanada.ca\/fr\/wp-json\/wp\/v2\/pages\/5436\/revisions"}],"predecessor-version":[{"id":5438,"href":"https:\/\/seafoodfromcanada.ca\/fr\/wp-json\/wp\/v2\/pages\/5436\/revisions\/5438"}],"wp:attachment":[{"href":"https:\/\/seafoodfromcanada.ca\/fr\/wp-json\/wp\/v2\/media?parent=5436"}],"wp:term":[{"taxonomy":"search_terms","embeddable":true,"href":"https:\/\/seafoodfromcanada.ca\/fr\/wp-json\/wp\/v2\/search_terms?post=5436"}],"curies":[{"name":"wp","href":"https:\/\/api.w.org\/{rel}","templated":true}]}}